{"id":197,"date":"2025-10-17T22:10:27","date_gmt":"2025-10-17T20:10:27","guid":{"rendered":"https:\/\/osorio.orbidi.online\/inicio\/"},"modified":"2026-03-05T20:19:12","modified_gmt":"2026-03-05T19:19:12","slug":"inicio","status":"publish","type":"page","link":"https:\/\/xmspenal.com\/ca\/","title":{"rendered":"Inicio"},"content":{"rendered":"\t\t<div data-elementor-type=\"wp-page\" data-elementor-id=\"197\" class=\"elementor elementor-197\" data-elementor-post-type=\"page\">\n\t\t\t\t<div class=\"elementor-element elementor-element-73b2208 e-con-full e-flex e-con e-parent\" data-id=\"73b2208\" data-element_type=\"container\" data-e-type=\"container\" data-settings=\"{&quot;background_background&quot;:&quot;classic&quot;}\">\n\t\t\t\t<div class=\"elementor-element elementor-element-ac6e3b5 elementor-widget elementor-widget-spacer\" data-id=\"ac6e3b5\" data-element_type=\"widget\" data-e-type=\"widget\" data-widget_type=\"spacer.default\">\n\t\t\t\t\t\t\t<div class=\"elementor-spacer\">\n\t\t\t<div class=\"elementor-spacer-inner\"><\/div>\n\t\t<\/div>\n\t\t\t\t\t\t<\/div>\n\t\t\t\t<\/div>\n\t\t<div class=\"elementor-element elementor-element-290eb7a6 e-con-full e-flex e-con e-parent\" data-id=\"290eb7a6\" data-element_type=\"container\" data-e-type=\"container\" data-settings=\"{&quot;background_background&quot;:&quot;classic&quot;}\">\n\t\t<div class=\"elementor-element elementor-element-6a8d43d9 e-con-full e-flex e-con e-child\" data-id=\"6a8d43d9\" data-element_type=\"container\" data-e-type=\"container\">\n\t\t\t\t<div class=\"elementor-element elementor-element-3e338612 elementor-widget elementor-widget-image\" data-id=\"3e338612\" data-element_type=\"widget\" data-e-type=\"widget\" data-widget_type=\"image.default\">\n\t\t\t\t\t\t\t\t\t\t\t\t\t\t\t<img fetchpriority=\"high\" decoding=\"async\" width=\"2560\" height=\"1707\" src=\"https:\/\/xmspenal.com\/wp-content\/uploads\/2026\/03\/cf2bb62bf05273978aa5d8d3d1b99a64abf02f84-scaled.png\" class=\"attachment-full size-full wp-image-446\" alt=\"\" srcset=\"https:\/\/xmspenal.com\/wp-content\/uploads\/2026\/03\/cf2bb62bf05273978aa5d8d3d1b99a64abf02f84-scaled.png 2560w, https:\/\/xmspenal.com\/wp-content\/uploads\/2026\/03\/cf2bb62bf05273978aa5d8d3d1b99a64abf02f84-300x200.png 300w, https:\/\/xmspenal.com\/wp-content\/uploads\/2026\/03\/cf2bb62bf05273978aa5d8d3d1b99a64abf02f84-1024x683.png 1024w, https:\/\/xmspenal.com\/wp-content\/uploads\/2026\/03\/cf2bb62bf05273978aa5d8d3d1b99a64abf02f84-768x512.png 768w, https:\/\/xmspenal.com\/wp-content\/uploads\/2026\/03\/cf2bb62bf05273978aa5d8d3d1b99a64abf02f84-1536x1024.png 1536w, https:\/\/xmspenal.com\/wp-content\/uploads\/2026\/03\/cf2bb62bf05273978aa5d8d3d1b99a64abf02f84-2048x1366.png 2048w\" sizes=\"(max-width: 2560px) 100vw, 2560px\" \/>\t\t\t\t\t\t\t\t\t\t\t\t\t\t\t<\/div>\n\t\t\t\t<\/div>\n\t\t<div class=\"elementor-element elementor-element-5b584f1a e-con-full e-flex e-con e-child\" data-id=\"5b584f1a\" data-element_type=\"container\" data-e-type=\"container\">\n\t\t\t\t<div class=\"elementor-element elementor-element-7d6af20e elementor-widget elementor-widget-heading\" data-id=\"7d6af20e\" data-element_type=\"widget\" data-e-type=\"widget\" data-widget_type=\"heading.default\">\n\t\t\t\t\t<h2 class=\"elementor-heading-title elementor-size-default\">Xavier Mu\u00f1oz Soriano\n<\/h2>\t\t\t\t<\/div>\n\t\t\t\t<div class=\"elementor-element elementor-element-cde5dcb elementor-widget elementor-widget-text-editor\" data-id=\"cde5dcb\" data-element_type=\"widget\" data-e-type=\"widget\" data-widget_type=\"text-editor.default\">\n\t\t\t\t\t\t\t\t\t<p>Advocat penalista<\/p>\t\t\t\t\t\t\t\t<\/div>\n\t\t\t\t<\/div>\n\t\t\t\t<\/div>\n\t\t<div class=\"elementor-element elementor-element-6cdfe34 e-flex e-con-boxed e-con e-parent\" data-id=\"6cdfe34\" data-element_type=\"container\" data-e-type=\"container\" data-settings=\"{&quot;background_background&quot;:&quot;classic&quot;}\">\n\t\t\t\t\t<div class=\"e-con-inner\">\n\t\t<div class=\"elementor-element elementor-element-2ab8a82 e-con-full e-flex e-con e-child\" data-id=\"2ab8a82\" data-element_type=\"container\" data-e-type=\"container\">\n\t\t\t\t<div class=\"elementor-element elementor-element-42adb03 elementor-widget elementor-widget-image\" data-id=\"42adb03\" data-element_type=\"widget\" data-e-type=\"widget\" data-widget_type=\"image.default\">\n\t\t\t\t\t\t\t\t\t\t\t\t\t\t\t<img decoding=\"async\" width=\"2560\" height=\"1707\" src=\"https:\/\/xmspenal.com\/wp-content\/uploads\/2026\/03\/83b3d2e4990268caa74c708ace89ae734c25e75d-scaled.jpg\" class=\"attachment-full size-full wp-image-452\" alt=\"\" srcset=\"https:\/\/xmspenal.com\/wp-content\/uploads\/2026\/03\/83b3d2e4990268caa74c708ace89ae734c25e75d-scaled.jpg 2560w, https:\/\/xmspenal.com\/wp-content\/uploads\/2026\/03\/83b3d2e4990268caa74c708ace89ae734c25e75d-300x200.jpg 300w, https:\/\/xmspenal.com\/wp-content\/uploads\/2026\/03\/83b3d2e4990268caa74c708ace89ae734c25e75d-1024x683.jpg 1024w, https:\/\/xmspenal.com\/wp-content\/uploads\/2026\/03\/83b3d2e4990268caa74c708ace89ae734c25e75d-768x512.jpg 768w, https:\/\/xmspenal.com\/wp-content\/uploads\/2026\/03\/83b3d2e4990268caa74c708ace89ae734c25e75d-1536x1024.jpg 1536w, https:\/\/xmspenal.com\/wp-content\/uploads\/2026\/03\/83b3d2e4990268caa74c708ace89ae734c25e75d-2048x1366.jpg 2048w\" sizes=\"(max-width: 2560px) 100vw, 2560px\" \/>\t\t\t\t\t\t\t\t\t\t\t\t\t\t\t<\/div>\n\t\t\t\t<\/div>\n\t\t<div class=\"elementor-element elementor-element-69ee8d5 e-con-full e-flex e-con e-child\" data-id=\"69ee8d5\" data-element_type=\"container\" data-e-type=\"container\">\n\t\t\t\t<div class=\"elementor-element elementor-element-cc39a21 elementor-widget elementor-widget-heading\" data-id=\"cc39a21\" data-element_type=\"widget\" data-e-type=\"widget\" data-widget_type=\"heading.default\">\n\t\t\t\t\t<h2 class=\"elementor-heading-title elementor-size-default\">Abogac\u00eda<\/h2>\t\t\t\t<\/div>\n\t\t\t\t<div class=\"elementor-element elementor-element-9a34b06 elementor-widget elementor-widget-text-editor\" data-id=\"9a34b06\" data-element_type=\"widget\" data-e-type=\"widget\" data-widget_type=\"text-editor.default\">\n\t\t\t\t\t\t\t\t\t<p>La garant\u00eda del debido proceso y del juicio justo es un pilar de la democracia. Solo la t\u00e9cnica jur\u00eddica, el rigor y el compromiso permiten hacerlo efectivo.<\/p><p>Soy licenciado en Derecho, m\u00e1ster en Criminolog\u00eda y Sociolog\u00eda Jur\u00eddica y especialista en Derecho Penal, con experiencia en acusaciones y defensas en procesos complejos: litigio estrat\u00e9gico, derechos humanos, delitos de odio, homicidios, r\u00e9gimen penitenciario y extranjer\u00eda.<\/p><p>Ejerzo en toda Espa\u00f1a, principalmente en Barcelona y Madrid, con una red de colaboradores que nos permite actuar de forma inmediata en cualquier punto del territorio.<\/p>\t\t\t\t\t\t\t\t<\/div>\n\t\t\t\t<\/div>\n\t\t\t\t\t<\/div>\n\t\t\t\t<\/div>\n\t\t<div class=\"elementor-element elementor-element-7c08f34 e-flex e-con-boxed e-con e-parent\" data-id=\"7c08f34\" data-element_type=\"container\" data-e-type=\"container\" data-settings=\"{&quot;background_background&quot;:&quot;classic&quot;}\">\n\t\t\t\t\t<div class=\"e-con-inner\">\n\t\t<div class=\"elementor-element elementor-element-be5a02b e-con-full e-flex e-con e-child\" data-id=\"be5a02b\" data-element_type=\"container\" data-e-type=\"container\">\n\t\t\t\t<div class=\"elementor-element elementor-element-c5501bc elementor-widget elementor-widget-heading\" data-id=\"c5501bc\" data-element_type=\"widget\" data-e-type=\"widget\" data-widget_type=\"heading.default\">\n\t\t\t\t\t<h2 class=\"elementor-heading-title elementor-size-default\">Criminolog\u00eda y derechos humanos<\/h2>\t\t\t\t<\/div>\n\t\t\t\t<div class=\"elementor-element elementor-element-7761ad1 elementor-widget elementor-widget-text-editor\" data-id=\"7761ad1\" data-element_type=\"widget\" data-e-type=\"widget\" data-widget_type=\"text-editor.default\">\n\t\t\t\t\t\t\t\t\t<p>Concibo la abogac\u00eda como una herramienta de transformaci\u00f3n social: defendiendo derechos en los tribunales y promoviendo una mirada cr\u00edtica sobre el sistema.<\/p><p>\u00a0<\/p><p>He sido asesor legislativo en el Congreso y colaboro en iniciativas nacionales e internacionales de derechos humanos. Imparto conferencias, participo en medios de comunicaci\u00f3n y escribo art\u00edculos sobre justicia, pol\u00edtica y criminolog\u00eda.<\/p>\t\t\t\t\t\t\t\t<\/div>\n\t\t\t\t<\/div>\n\t\t<div class=\"elementor-element elementor-element-54fb597 e-con-full e-flex e-con e-child\" data-id=\"54fb597\" data-element_type=\"container\" data-e-type=\"container\">\n\t\t\t\t<div class=\"elementor-element elementor-element-9b86db8 elementor-widget elementor-widget-image\" data-id=\"9b86db8\" data-element_type=\"widget\" data-e-type=\"widget\" data-widget_type=\"image.default\">\n\t\t\t\t\t\t\t\t\t\t\t\t\t\t\t<img decoding=\"async\" width=\"2560\" height=\"1707\" src=\"https:\/\/xmspenal.com\/wp-content\/uploads\/2026\/03\/3d498b9a989377a7d8b011a0af1fb02504dd7e68-scaled.jpg\" class=\"attachment-full size-full wp-image-453\" alt=\"\" srcset=\"https:\/\/xmspenal.com\/wp-content\/uploads\/2026\/03\/3d498b9a989377a7d8b011a0af1fb02504dd7e68-scaled.jpg 2560w, https:\/\/xmspenal.com\/wp-content\/uploads\/2026\/03\/3d498b9a989377a7d8b011a0af1fb02504dd7e68-300x200.jpg 300w, https:\/\/xmspenal.com\/wp-content\/uploads\/2026\/03\/3d498b9a989377a7d8b011a0af1fb02504dd7e68-1024x683.jpg 1024w, https:\/\/xmspenal.com\/wp-content\/uploads\/2026\/03\/3d498b9a989377a7d8b011a0af1fb02504dd7e68-768x512.jpg 768w, https:\/\/xmspenal.com\/wp-content\/uploads\/2026\/03\/3d498b9a989377a7d8b011a0af1fb02504dd7e68-1536x1024.jpg 1536w, https:\/\/xmspenal.com\/wp-content\/uploads\/2026\/03\/3d498b9a989377a7d8b011a0af1fb02504dd7e68-2048x1366.jpg 2048w\" sizes=\"(max-width: 2560px) 100vw, 2560px\" \/>\t\t\t\t\t\t\t\t\t\t\t\t\t\t\t<\/div>\n\t\t\t\t<\/div>\n\t\t\t\t\t<\/div>\n\t\t\t\t<\/div>\n\t\t<div class=\"elementor-element elementor-element-88a6085 e-flex e-con-boxed e-con e-parent\" data-id=\"88a6085\" data-element_type=\"container\" data-e-type=\"container\" data-settings=\"{&quot;background_background&quot;:&quot;classic&quot;}\">\n\t\t\t\t\t<div class=\"e-con-inner\">\n\t\t\t\t<div class=\"elementor-element elementor-element-2988a75 elementor-widget__width-initial elementor-widget elementor-widget-heading\" data-id=\"2988a75\" data-element_type=\"widget\" data-e-type=\"widget\" data-widget_type=\"heading.default\">\n\t\t\t\t\t<h2 class=\"elementor-heading-title elementor-size-default\">Explorar art\u00edculos, noticias y v\u00eddeos realizados por m\u00ed para conocimiento de clientes y visitantes <\/h2>\t\t\t\t<\/div>\n\t\t\t\t<div class=\"elementor-element elementor-element-70df757 elementor-grid-3 elementor-widget__width-initial elementor-grid-tablet-2 elementor-grid-mobile-1 elementor-widget elementor-widget-loop-grid\" data-id=\"70df757\" data-element_type=\"widget\" data-e-type=\"widget\" data-settings=\"{&quot;template_id&quot;:&quot;413&quot;,&quot;columns&quot;:3,&quot;_skin&quot;:&quot;post&quot;,&quot;columns_tablet&quot;:&quot;2&quot;,&quot;columns_mobile&quot;:&quot;1&quot;,&quot;edit_handle_selector&quot;:&quot;[data-elementor-type=\\&quot;loop-item\\&quot;]&quot;,&quot;row_gap&quot;:{&quot;unit&quot;:&quot;px&quot;,&quot;size&quot;:&quot;&quot;,&quot;sizes&quot;:[]},&quot;row_gap_tablet&quot;:{&quot;unit&quot;:&quot;px&quot;,&quot;size&quot;:&quot;&quot;,&quot;sizes&quot;:[]},&quot;row_gap_mobile&quot;:{&quot;unit&quot;:&quot;px&quot;,&quot;size&quot;:&quot;&quot;,&quot;sizes&quot;:[]}}\" data-widget_type=\"loop-grid.post\">\n\t\t\t\t<div class=\"elementor-widget-container\">\n\t\t\t\t\t\t\t<div class=\"elementor-loop-container elementor-grid\" role=\"list\">\n\t\t<style id=\"loop-413\">.elementor-413 .elementor-element.elementor-element-514a0e5{--display:flex;--min-height:500px;--flex-direction:column;--container-widget-width:calc( ( 1 - var( --container-widget-flex-grow ) ) * 100% );--container-widget-height:initial;--container-widget-flex-grow:0;--container-widget-align-self:initial;--flex-wrap-mobile:wrap;--justify-content:center;--align-items:flex-start;border-style:none;--border-style:none;--padding-top:5%;--padding-bottom:5%;--padding-left:5%;--padding-right:5%;}.elementor-widget-theme-post-featured-image .widget-image-caption{color:var( --e-global-color-text );font-family:var( --e-global-typography-text-font-family ), Sans-serif;font-size:var( --e-global-typography-text-font-size );font-weight:var( --e-global-typography-text-font-weight );text-transform:var( --e-global-typography-text-text-transform );font-style:var( --e-global-typography-text-font-style );text-decoration:var( --e-global-typography-text-text-decoration );line-height:var( --e-global-typography-text-line-height );}.elementor-413 .elementor-element.elementor-element-c3a69d3 img{height:250px;object-fit:cover;object-position:center center;}.elementor-413 .elementor-element.elementor-element-c3a69d3{width:var( --container-widget-width, 97.238% );max-width:97.238%;--container-widget-width:97.238%;--container-widget-flex-grow:0;}.elementor-413 .elementor-element.elementor-element-c3a69d3.elementor-element{--flex-grow:0;--flex-shrink:0;}.elementor-widget-theme-post-title .elementor-heading-title{font-family:var( --e-global-typography-primary-font-family ), Sans-serif;font-size:var( --e-global-typography-primary-font-size );font-weight:var( --e-global-typography-primary-font-weight );text-transform:var( --e-global-typography-primary-text-transform );font-style:var( --e-global-typography-primary-font-style );text-decoration:var( --e-global-typography-primary-text-decoration );line-height:var( --e-global-typography-primary-line-height );color:var( --e-global-color-primary );}.elementor-413 .elementor-element.elementor-element-bdb4ae3{text-align:start;width:100%;max-width:100%;}.elementor-413 .elementor-element.elementor-element-bdb4ae3 .elementor-heading-title{font-family:var( --e-global-typography-secondary-font-family ), Sans-serif;font-size:var( --e-global-typography-secondary-font-size );font-weight:var( --e-global-typography-secondary-font-weight );text-transform:var( --e-global-typography-secondary-text-transform );font-style:var( --e-global-typography-secondary-font-style );text-decoration:var( --e-global-typography-secondary-text-decoration );line-height:var( --e-global-typography-secondary-line-height );}.elementor-413 .elementor-element.elementor-element-bdb4ae3.elementor-element{--flex-grow:0;--flex-shrink:0;}.elementor-widget-theme-post-excerpt{font-family:var( --e-global-typography-text-font-family ), Sans-serif;font-size:var( --e-global-typography-text-font-size );font-weight:var( --e-global-typography-text-font-weight );text-transform:var( --e-global-typography-text-text-transform );font-style:var( --e-global-typography-text-font-style );text-decoration:var( --e-global-typography-text-text-decoration );line-height:var( --e-global-typography-text-line-height );color:var( --e-global-color-text );}.elementor-widget-button .elementor-button{font-family:var( --e-global-typography-accent-font-family ), Sans-serif;font-size:var( --e-global-typography-accent-font-size );font-weight:var( --e-global-typography-accent-font-weight );text-transform:var( --e-global-typography-accent-text-transform );font-style:var( --e-global-typography-accent-font-style );text-decoration:var( --e-global-typography-accent-text-decoration );line-height:var( --e-global-typography-accent-line-height );background-color:var( --e-global-color-accent );}.elementor-413 .elementor-element.elementor-element-c0d51d0 .elementor-button{fill:#AF080E;color:#AF080E;background-color:#775C5D00;padding:0px 0px 0px 0px;}.elementor-413 .elementor-element.elementor-element-c0d51d0{margin:0px 0px calc(var(--kit-widget-spacing, 0px) + 0px) 0px;padding:0px 0px 0px 0px;}@media(max-width:1024px){.elementor-widget-theme-post-featured-image .widget-image-caption{font-size:var( --e-global-typography-text-font-size );line-height:var( --e-global-typography-text-line-height );}.elementor-widget-theme-post-title .elementor-heading-title{font-size:var( --e-global-typography-primary-font-size );line-height:var( --e-global-typography-primary-line-height );}.elementor-413 .elementor-element.elementor-element-bdb4ae3{text-align:start;}.elementor-413 .elementor-element.elementor-element-bdb4ae3 .elementor-heading-title{font-size:var( --e-global-typography-secondary-font-size );line-height:var( --e-global-typography-secondary-line-height );}.elementor-widget-theme-post-excerpt{font-size:var( --e-global-typography-text-font-size );line-height:var( --e-global-typography-text-line-height );}.elementor-widget-button .elementor-button{font-size:var( --e-global-typography-accent-font-size );line-height:var( --e-global-typography-accent-line-height );}}@media(max-width:767px){.elementor-widget-theme-post-featured-image .widget-image-caption{font-size:var( --e-global-typography-text-font-size );line-height:var( --e-global-typography-text-line-height );}.elementor-widget-theme-post-title .elementor-heading-title{font-size:var( --e-global-typography-primary-font-size );line-height:var( --e-global-typography-primary-line-height );}.elementor-413 .elementor-element.elementor-element-bdb4ae3 .elementor-heading-title{font-size:var( --e-global-typography-secondary-font-size );line-height:var( --e-global-typography-secondary-line-height );}.elementor-widget-theme-post-excerpt{font-size:var( --e-global-typography-text-font-size );line-height:var( --e-global-typography-text-line-height );}.elementor-widget-button .elementor-button{font-size:var( --e-global-typography-accent-font-size );line-height:var( --e-global-typography-accent-line-height );}}<\/style>\t\t<div data-elementor-type=\"loop-item\" data-elementor-id=\"413\" class=\"elementor elementor-413 e-loop-item e-loop-item-343 post-343 post type-post status-publish format-standard has-post-thumbnail hentry category-sin-categoria\" data-elementor-post-type=\"elementor_library\" data-custom-edit-handle=\"1\">\n\t\t\t<div class=\"elementor-element elementor-element-514a0e5 e-flex e-con-boxed e-con e-parent\" data-id=\"514a0e5\" data-element_type=\"container\" data-e-type=\"container\" data-settings=\"{&quot;background_background&quot;:&quot;classic&quot;}\">\n\t\t\t\t\t<div class=\"e-con-inner\">\n\t\t\t\t<div class=\"elementor-element elementor-element-c3a69d3 elementor-widget__width-initial elementor-widget elementor-widget-theme-post-featured-image elementor-widget-image\" data-id=\"c3a69d3\" data-element_type=\"widget\" data-e-type=\"widget\" data-widget_type=\"theme-post-featured-image.default\">\n\t\t\t\t\t\t\t\t\t\t\t\t\t\t\t<img loading=\"lazy\" decoding=\"async\" width=\"1280\" height=\"720\" src=\"https:\/\/xmspenal.com\/wp-content\/uploads\/2026\/02\/Hero_2.jpg\" class=\"attachment-1536x1536 size-1536x1536 wp-image-348\" alt=\"\" srcset=\"https:\/\/xmspenal.com\/wp-content\/uploads\/2026\/02\/Hero_2.jpg 1280w, https:\/\/xmspenal.com\/wp-content\/uploads\/2026\/02\/Hero_2-300x169.jpg 300w, https:\/\/xmspenal.com\/wp-content\/uploads\/2026\/02\/Hero_2-1024x576.jpg 1024w, https:\/\/xmspenal.com\/wp-content\/uploads\/2026\/02\/Hero_2-768x432.jpg 768w\" sizes=\"(max-width: 1280px) 100vw, 1280px\" \/>\t\t\t\t\t\t\t\t\t\t\t\t\t\t\t<\/div>\n\t\t\t\t<div class=\"elementor-element elementor-element-bdb4ae3 elementor-widget__width-inherit elementor-widget elementor-widget-theme-post-title elementor-page-title elementor-widget-heading\" data-id=\"bdb4ae3\" data-element_type=\"widget\" data-e-type=\"widget\" data-widget_type=\"theme-post-title.default\">\n\t\t\t\t\t<h2 class=\"elementor-heading-title elementor-size-default\">La prisi\u00f3n preventiva: \u00bfexcepci\u00f3n o norma?<\/h2>\t\t\t\t<\/div>\n\t\t\t\t<div class=\"elementor-element elementor-element-3571282 elementor-widget elementor-widget-theme-post-excerpt\" data-id=\"3571282\" data-element_type=\"widget\" data-e-type=\"widget\" data-widget_type=\"theme-post-excerpt.default\">\n\t\t\t\t\tUn an\u00e1lisis profundo sobre el uso excesivo de la prisi\u00f3n preventiva en Espa\u00f1a. Reflexiono sobre el desequilibrio entre seguridad y garant\u00edas procesales.\t\t\t\t<\/div>\n\t\t\t\t<div class=\"elementor-element elementor-element-c0d51d0 elementor-align-left elementor-widget elementor-widget-button\" data-id=\"c0d51d0\" data-element_type=\"widget\" data-e-type=\"widget\" data-widget_type=\"button.default\">\n\t\t\t\t\t\t\t\t\t\t<a class=\"elementor-button elementor-button-link elementor-size-sm\" href=\"https:\/\/xmspenal.com\/ca\/la-prision-preventiva-excepcion-o-norma\/\">\n\t\t\t\t\t\t<span class=\"elementor-button-content-wrapper\">\n\t\t\t\t\t\t\t\t\t<span class=\"elementor-button-text\">Leer m\u00e1s<\/span>\n\t\t\t\t\t<\/span>\n\t\t\t\t\t<\/a>\n\t\t\t\t\t\t\t\t<\/div>\n\t\t\t\t\t<\/div>\n\t\t\t\t<\/div>\n\t\t\t\t<\/div>\n\t\t\t\t<\/div>\n\t\t\n\t\t\t\t\t\t<\/div>\n\t\t\t\t<\/div>\n\t\t\t\t<div class=\"elementor-element elementor-element-ca37172 elementor-widget elementor-widget-button\" data-id=\"ca37172\" data-element_type=\"widget\" data-e-type=\"widget\" data-widget_type=\"button.default\">\n\t\t\t\t\t\t\t\t\t\t<a class=\"elementor-button elementor-button-link elementor-size-sm\" href=\"https:\/\/xmspenal.com\/ca\/blog\/\">\n\t\t\t\t\t\t<span class=\"elementor-button-content-wrapper\">\n\t\t\t\t\t\t\t\t\t<span class=\"elementor-button-text\">Ver m\u00e1s<\/span>\n\t\t\t\t\t<\/span>\n\t\t\t\t\t<\/a>\n\t\t\t\t\t\t\t\t<\/div>\n\t\t\t\t\t<\/div>\n\t\t\t\t<\/div>\n\t\t\t\t<\/div>\n\t\t","protected":false},"excerpt":{"rendered":"<p>Xavier Mu\u00f1oz Soriano Advocat penalista Abogac\u00eda La garant\u00eda del debido proceso y del juicio justo es un pilar de la democracia. Solo la t\u00e9cnica jur\u00eddica, el rigor y el compromiso permiten hacerlo efectivo. Soy licenciado en Derecho, m\u00e1ster en Criminolog\u00eda y Sociolog\u00eda Jur\u00eddica y especialista en Derecho Penal, con experiencia en acusaciones y defensas en [&hellip;]<\/p>\n","protected":false},"author":1,"featured_media":0,"parent":0,"menu_order":0,"comment_status":"closed","ping_status":"closed","template":"","meta":{"footnotes":""},"class_list":["post-197","page","type-page","status-publish","hentry"],"_links":{"self":[{"href":"https:\/\/xmspenal.com\/ca\/wp-json\/wp\/v2\/pages\/197","targetHints":{"allow":["GET"]}}],"collection":[{"href":"https:\/\/xmspenal.com\/ca\/wp-json\/wp\/v2\/pages"}],"about":[{"href":"https:\/\/xmspenal.com\/ca\/wp-json\/wp\/v2\/types\/page"}],"author":[{"embeddable":true,"href":"https:\/\/xmspenal.com\/ca\/wp-json\/wp\/v2\/users\/1"}],"replies":[{"embeddable":true,"href":"https:\/\/xmspenal.com\/ca\/wp-json\/wp\/v2\/comments?post=197"}],"version-history":[{"count":66,"href":"https:\/\/xmspenal.com\/ca\/wp-json\/wp\/v2\/pages\/197\/revisions"}],"predecessor-version":[{"id":566,"href":"https:\/\/xmspenal.com\/ca\/wp-json\/wp\/v2\/pages\/197\/revisions\/566"}],"wp:attachment":[{"href":"https:\/\/xmspenal.com\/ca\/wp-json\/wp\/v2\/media?parent=197"}],"curies":[{"name":"wp","href":"https:\/\/api.w.org\/{rel}","templated":true}]}}