{"id":200,"date":"2025-10-17T22:10:27","date_gmt":"2025-10-17T20:10:27","guid":{"rendered":"https:\/\/osorio.orbidi.online\/servicios\/"},"modified":"2026-03-05T20:27:07","modified_gmt":"2026-03-05T19:27:07","slug":"servicios","status":"publish","type":"page","link":"https:\/\/xmspenal.com\/ca\/servicios\/","title":{"rendered":"Servicios"},"content":{"rendered":"<div data-elementor-type=\"wp-page\" data-elementor-id=\"200\" class=\"elementor elementor-200\" data-elementor-post-type=\"page\">\n\t\t\t\t<div class=\"elementor-element elementor-element-34ba7e6 e-con-full e-flex e-con e-parent\" data-id=\"34ba7e6\" data-element_type=\"container\" data-e-type=\"container\" data-settings=\"{&quot;background_background&quot;:&quot;classic&quot;}\">\n\t\t\t\t<div class=\"elementor-element elementor-element-97aac4e elementor-widget elementor-widget-heading\" data-id=\"97aac4e\" data-element_type=\"widget\" data-e-type=\"widget\" data-widget_type=\"heading.default\">\n\t\t\t\t\t<h1 class=\"elementor-heading-title elementor-size-default\">Servicios legales en derecho penal y derechos humanos<\/h1>\t\t\t\t<\/div>\n\t\t\t\t<div class=\"elementor-element elementor-element-1478c8d elementor-widget__width-initial elementor-widget elementor-widget-text-editor\" data-id=\"1478c8d\" data-element_type=\"widget\" data-e-type=\"widget\" data-widget_type=\"text-editor.default\">\n\t\t\t\t\t\t\t\t\t<p>Derecho penal, la criminolog\u00eda y el r\u00e9gimen penitenciario\u00a0\u00a0<\/p>\t\t\t\t\t\t\t\t<\/div>\n\t\t\t\t<\/div>\n\t\t<div class=\"elementor-element elementor-element-c46b7ee e-flex e-con-boxed e-con e-parent\" data-id=\"c46b7ee\" data-element_type=\"container\" data-e-type=\"container\">\n\t\t\t\t\t<div class=\"e-con-inner\">\n\t\t\t\t\t<\/div>\n\t\t\t\t<\/div>\n\t\t<div class=\"elementor-element elementor-element-1c4de702 e-con-full e-flex e-con e-parent\" data-id=\"1c4de702\" data-element_type=\"container\" data-e-type=\"container\">\n\t\t<div class=\"elementor-element elementor-element-7fde8abc e-con-full e-flex e-con e-child\" data-id=\"7fde8abc\" data-element_type=\"container\" data-e-type=\"container\">\n\t\t\t\t<div class=\"elementor-element elementor-element-146d8717 elementor-widget elementor-widget-image\" data-id=\"146d8717\" data-element_type=\"widget\" data-e-type=\"widget\" data-widget_type=\"image.default\">\n\t\t\t\t\t\t\t\t\t\t\t\t\t\t\t<img fetchpriority=\"high\" decoding=\"async\" width=\"560\" height=\"483\" src=\"https:\/\/xmspenal.com\/wp-content\/uploads\/2026\/02\/image.jpg\" class=\"attachment-full size-full wp-image-405\" alt=\"\" srcset=\"https:\/\/xmspenal.com\/wp-content\/uploads\/2026\/02\/image.jpg 560w, https:\/\/xmspenal.com\/wp-content\/uploads\/2026\/02\/image-300x259.jpg 300w\" sizes=\"(max-width: 560px) 100vw, 560px\" \/>\t\t\t\t\t\t\t\t\t\t\t\t\t\t\t<\/div>\n\t\t\t\t<\/div>\n\t\t<div class=\"elementor-element elementor-element-66eec2fe e-con-full e-flex e-con e-child\" data-id=\"66eec2fe\" data-element_type=\"container\" data-e-type=\"container\">\n\t\t\t\t<div class=\"elementor-element elementor-element-3e29ccde elementor-widget elementor-widget-heading\" data-id=\"3e29ccde\" data-element_type=\"widget\" data-e-type=\"widget\" data-widget_type=\"heading.default\">\n\t\t\t\t\t<h2 class=\"elementor-heading-title elementor-size-default\">Derecho penal<\/h2>\t\t\t\t<\/div>\n\t\t\t\t<div class=\"elementor-element elementor-element-fa7fc62 elementor-widget elementor-widget-text-editor\" data-id=\"fa7fc62\" data-element_type=\"widget\" data-e-type=\"widget\" data-widget_type=\"text-editor.default\">\n\t\t\t\t\t\t\t\t\t<p>Asumo la defensa y acusaci\u00f3n en todo tipo de procedimientos penales, desde delitos graves hasta investigaciones preliminares. Trabajo con estrategias jur\u00eddicas adaptadas a cada caso, cuidando cada fase del proceso.<br \/><br \/>Mi experiencia incluye homicidios, delitos de odio, violencia institucional y criminalidad organizada. Act\u00fao con total confidencialidad, rigor t\u00e9cnico y compromiso con sus derechos.<\/p>\t\t\t\t\t\t\t\t<\/div>\n\t\t\t\t<\/div>\n\t\t\t\t<\/div>\n\t\t<div class=\"elementor-element elementor-element-359e507 e-con-full e-flex e-con e-parent\" data-id=\"359e507\" data-element_type=\"container\" data-e-type=\"container\">\n\t\t<div class=\"elementor-element elementor-element-48fb63c e-con-full e-flex e-con e-child\" data-id=\"48fb63c\" data-element_type=\"container\" data-e-type=\"container\">\n\t\t\t\t<div class=\"elementor-element elementor-element-44058e6 elementor-widget elementor-widget-image\" data-id=\"44058e6\" data-element_type=\"widget\" data-e-type=\"widget\" data-widget_type=\"image.default\">\n\t\t\t\t\t\t\t\t\t\t\t\t\t\t\t<img decoding=\"async\" width=\"560\" height=\"512\" src=\"https:\/\/xmspenal.com\/wp-content\/uploads\/2026\/02\/image-2.jpg\" class=\"attachment-full size-full wp-image-407\" alt=\"\" srcset=\"https:\/\/xmspenal.com\/wp-content\/uploads\/2026\/02\/image-2.jpg 560w, https:\/\/xmspenal.com\/wp-content\/uploads\/2026\/02\/image-2-300x274.jpg 300w\" sizes=\"(max-width: 560px) 100vw, 560px\" \/>\t\t\t\t\t\t\t\t\t\t\t\t\t\t\t<\/div>\n\t\t\t\t<\/div>\n\t\t<div class=\"elementor-element elementor-element-ec5265e e-con-full e-flex e-con e-child\" data-id=\"ec5265e\" data-element_type=\"container\" data-e-type=\"container\">\n\t\t\t\t<div class=\"elementor-element elementor-element-2c73fae elementor-widget elementor-widget-heading\" data-id=\"2c73fae\" data-element_type=\"widget\" data-e-type=\"widget\" data-widget_type=\"heading.default\">\n\t\t\t\t\t<h2 class=\"elementor-heading-title elementor-size-default\">Derecho penitenciario<\/h2>\t\t\t\t<\/div>\n\t\t\t\t<div class=\"elementor-element elementor-element-01092f8 elementor-widget elementor-widget-text-editor\" data-id=\"01092f8\" data-element_type=\"widget\" data-e-type=\"widget\" data-widget_type=\"text-editor.default\">\n\t\t\t\t\t\t\t\t\t<p>Asesoro en materia penitenciaria, tanto a personas privadas de libertad como a sus familias. Intervengo en expedientes disciplinarios, permisos, progresiones de grado y recursos administrativos.<br \/><br \/>Mi objetivo es garantizar el respeto a los derechos dentro del sistema penitenciario. Trabajo para que la ejecuci\u00f3n penal se ajuste a los principios constitucionales.<\/p>\t\t\t\t\t\t\t\t<\/div>\n\t\t\t\t<\/div>\n\t\t\t\t<\/div>\n\t\t<div class=\"elementor-element elementor-element-fe2104c e-con-full e-flex e-con e-parent\" data-id=\"fe2104c\" data-element_type=\"container\" data-e-type=\"container\">\n\t\t<div class=\"elementor-element elementor-element-670aa10 e-con-full e-flex e-con e-child\" data-id=\"670aa10\" data-element_type=\"container\" data-e-type=\"container\">\n\t\t\t\t<div class=\"elementor-element elementor-element-51ef3bd elementor-widget elementor-widget-image\" data-id=\"51ef3bd\" data-element_type=\"widget\" data-e-type=\"widget\" data-widget_type=\"image.default\">\n\t\t\t\t\t\t\t\t\t\t\t\t\t\t\t<img decoding=\"async\" width=\"560\" height=\"538\" src=\"https:\/\/xmspenal.com\/wp-content\/uploads\/2026\/02\/image-1.jpg\" class=\"attachment-full size-full wp-image-406\" alt=\"\" srcset=\"https:\/\/xmspenal.com\/wp-content\/uploads\/2026\/02\/image-1.jpg 560w, https:\/\/xmspenal.com\/wp-content\/uploads\/2026\/02\/image-1-300x288.jpg 300w\" sizes=\"(max-width: 560px) 100vw, 560px\" \/>\t\t\t\t\t\t\t\t\t\t\t\t\t\t\t<\/div>\n\t\t\t\t<\/div>\n\t\t<div class=\"elementor-element elementor-element-d47627d e-con-full e-flex e-con e-child\" data-id=\"d47627d\" data-element_type=\"container\" data-e-type=\"container\">\n\t\t\t\t<div class=\"elementor-element elementor-element-b82b177 elementor-widget elementor-widget-heading\" data-id=\"b82b177\" data-element_type=\"widget\" data-e-type=\"widget\" data-widget_type=\"heading.default\">\n\t\t\t\t\t<h2 class=\"elementor-heading-title elementor-size-default\">Criminologia i drets humans<\/h2>\t\t\t\t<\/div>\n\t\t\t\t<div class=\"elementor-element elementor-element-ee1baea elementor-widget elementor-widget-text-editor\" data-id=\"ee1baea\" data-element_type=\"widget\" data-e-type=\"widget\" data-widget_type=\"text-editor.default\">\n\t\t\t\t\t\t\t\t\t<p>Ofrezco un enfoque integral que combina el an\u00e1lisis criminol\u00f3gico con la defensa de los derechos humanos. Aplico esta visi\u00f3n en litigios estrat\u00e9gicos, denuncias ante organismos internacionales y casos sensibles. <br \/><br \/>Trabajo con colectivos vulnerables y en causas con impacto social y pol\u00edtico. Tambi\u00e9n colaboro en acciones de incidencia, formaci\u00f3n y sensibilizaci\u00f3n p\u00fablica.<\/p>\t\t\t\t\t\t\t\t<\/div>\n\t\t\t\t<\/div>\n\t\t\t\t<\/div>\n\t\t\t\t<\/div>","protected":false},"excerpt":{"rendered":"<p>Servicios legales en derecho penal y derechos humanos Derecho penal, la criminolog\u00eda y el r\u00e9gimen penitenciario\u00a0\u00a0 Derecho penal Asumo la defensa y acusaci\u00f3n en todo tipo de procedimientos penales, desde delitos graves hasta investigaciones preliminares. Trabajo con estrategias jur\u00eddicas adaptadas a cada caso, cuidando cada fase del proceso. Mi experiencia incluye homicidios, delitos de odio, [&hellip;]<\/p>\n","protected":false},"author":1,"featured_media":0,"parent":0,"menu_order":0,"comment_status":"closed","ping_status":"closed","template":"","meta":{"footnotes":""},"class_list":["post-200","page","type-page","status-publish","hentry"],"_links":{"self":[{"href":"https:\/\/xmspenal.com\/ca\/wp-json\/wp\/v2\/pages\/200","targetHints":{"allow":["GET"]}}],"collection":[{"href":"https:\/\/xmspenal.com\/ca\/wp-json\/wp\/v2\/pages"}],"about":[{"href":"https:\/\/xmspenal.com\/ca\/wp-json\/wp\/v2\/types\/page"}],"author":[{"embeddable":true,"href":"https:\/\/xmspenal.com\/ca\/wp-json\/wp\/v2\/users\/1"}],"replies":[{"embeddable":true,"href":"https:\/\/xmspenal.com\/ca\/wp-json\/wp\/v2\/comments?post=200"}],"version-history":[{"count":22,"href":"https:\/\/xmspenal.com\/ca\/wp-json\/wp\/v2\/pages\/200\/revisions"}],"predecessor-version":[{"id":573,"href":"https:\/\/xmspenal.com\/ca\/wp-json\/wp\/v2\/pages\/200\/revisions\/573"}],"wp:attachment":[{"href":"https:\/\/xmspenal.com\/ca\/wp-json\/wp\/v2\/media?parent=200"}],"curies":[{"name":"wp","href":"https:\/\/api.w.org\/{rel}","templated":true}]}}