{"id":205,"date":"2025-10-17T22:10:29","date_gmt":"2025-10-17T20:10:29","guid":{"rendered":"https:\/\/osorio.orbidi.online\/sobre-nosotros\/"},"modified":"2026-03-05T20:21:28","modified_gmt":"2026-03-05T19:21:28","slug":"sobre-mi","status":"publish","type":"page","link":"https:\/\/xmspenal.com\/ca\/sobre-mi\/","title":{"rendered":"Sobre mi"},"content":{"rendered":"<div data-elementor-type=\"wp-page\" data-elementor-id=\"205\" class=\"elementor elementor-205\" data-elementor-post-type=\"page\">\n\t\t\t\t<div class=\"elementor-element elementor-element-2025724 e-con-full e-flex e-con e-parent\" data-id=\"2025724\" data-element_type=\"container\" data-e-type=\"container\" data-settings=\"{&quot;background_background&quot;:&quot;classic&quot;}\">\n\t\t\t\t<div class=\"elementor-element elementor-element-a95403b elementor-widget elementor-widget-heading\" data-id=\"a95403b\" data-element_type=\"widget\" data-e-type=\"widget\" data-widget_type=\"heading.default\">\n\t\t\t\t\t<h1 class=\"elementor-heading-title elementor-size-default\">Una defensa comprometida con la justicia<\/h1>\t\t\t\t<\/div>\n\t\t\t\t<div class=\"elementor-element elementor-element-ca4ff66 elementor-widget__width-initial elementor-widget elementor-widget-text-editor\" data-id=\"ca4ff66\" data-element_type=\"widget\" data-e-type=\"widget\" data-widget_type=\"text-editor.default\">\n\t\t\t\t\t\t\t\t\t<p>Mi formaci\u00f3n, trayectoria y visi\u00f3n profesional<\/p>\t\t\t\t\t\t\t\t<\/div>\n\t\t\t\t<\/div>\n\t\t<div class=\"elementor-element elementor-element-8b18b00 e-flex e-con-boxed e-con e-parent\" data-id=\"8b18b00\" data-element_type=\"container\" data-e-type=\"container\">\n\t\t\t\t\t<div class=\"e-con-inner\">\n\t\t<div class=\"elementor-element elementor-element-3c69175 e-con-full e-flex e-con e-child\" data-id=\"3c69175\" data-element_type=\"container\" data-e-type=\"container\">\n\t\t\t\t<div class=\"elementor-element elementor-element-aaacd5b elementor-widget elementor-widget-heading\" data-id=\"aaacd5b\" data-element_type=\"widget\" data-e-type=\"widget\" data-widget_type=\"heading.default\">\n\t\t\t\t\t<h2 class=\"elementor-heading-title elementor-size-default\">Qui\u00e9n soy<\/h2>\t\t\t\t<\/div>\n\t\t\t\t<div class=\"elementor-element elementor-element-fe63108 elementor-widget elementor-widget-text-editor\" data-id=\"fe63108\" data-element_type=\"widget\" data-e-type=\"widget\" data-widget_type=\"text-editor.default\">\n\t\t\t\t\t\t\t\t\t<p>Soy Javier Mu\u00f1oz Soriano, abogado penalista con vocaci\u00f3n por el derecho, la criminolog\u00eda y los derechos humanos. Me dedico a ofrecer defensa t\u00e9cnica, \u00e9tica y rigurosa en procesos complejos.\u2028 Concibo la abogac\u00eda como una herramienta de transformaci\u00f3n social.<\/p>\t\t\t\t\t\t\t\t<\/div>\n\t\t\t\t<\/div>\n\t\t<div class=\"elementor-element elementor-element-b313940 e-con-full e-flex e-con e-child\" data-id=\"b313940\" data-element_type=\"container\" data-e-type=\"container\">\n\t\t\t\t<div class=\"elementor-element elementor-element-d3d0884 elementor-widget elementor-widget-image\" data-id=\"d3d0884\" data-element_type=\"widget\" data-e-type=\"widget\" data-widget_type=\"image.default\">\n\t\t\t\t\t\t\t\t\t\t\t\t\t\t\t<img fetchpriority=\"high\" decoding=\"async\" width=\"640\" height=\"534\" src=\"https:\/\/xmspenal.com\/wp-content\/uploads\/2026\/02\/Image-Container-1.png\" class=\"attachment-large size-large wp-image-382\" alt=\"\" srcset=\"https:\/\/xmspenal.com\/wp-content\/uploads\/2026\/02\/Image-Container-1.png 640w, https:\/\/xmspenal.com\/wp-content\/uploads\/2026\/02\/Image-Container-1-300x250.png 300w\" sizes=\"(max-width: 640px) 100vw, 640px\" \/>\t\t\t\t\t\t\t\t\t\t\t\t\t\t\t<\/div>\n\t\t\t\t<\/div>\n\t\t\t\t\t<\/div>\n\t\t\t\t<\/div>\n\t\t<div class=\"elementor-element elementor-element-5a04e3aa e-con-full e-flex e-con e-parent\" data-id=\"5a04e3aa\" data-element_type=\"container\" data-e-type=\"container\" data-settings=\"{&quot;background_background&quot;:&quot;classic&quot;}\">\n\t\t\t\t<div class=\"elementor-element elementor-element-7a1bada8 elementor-widget elementor-widget-heading\" data-id=\"7a1bada8\" data-element_type=\"widget\" data-e-type=\"widget\" data-widget_type=\"heading.default\">\n\t\t\t\t\t<h2 class=\"elementor-heading-title elementor-size-default\">Advocacia<\/h2>\t\t\t\t<\/div>\n\t\t\t\t<div class=\"elementor-element elementor-element-2cc9f406 elementor-widget__width-initial elementor-widget elementor-widget-text-editor\" data-id=\"2cc9f406\" data-element_type=\"widget\" data-e-type=\"widget\" data-widget_type=\"text-editor.default\">\n\t\t\t\t\t\t\t\t\t<p>La garant\u00eda del debido proceso y del juicio justo es un pilar de la democracia. Solo la t\u00e9cnica jur\u00eddica, el rigor y el compromiso permiten hacerlo efectivo. Soy licenciado en Derecho, m\u00e1ster en Criminolog\u00eda y Sociolog\u00eda Jur\u00eddica y especialista en Derecho Penal, con experiencia en acusaciones y defensas en procesos complejos: litigio estrat\u00e9gico, derechos humanos, delitos de odio, homicidios, r\u00e9gimen penitenciario y extranjer\u00eda.<br \/>\u2028 Ejerzo en toda Espa\u00f1a, principalmente en Barcelona y Madrid, con una red de colaboradores que nos permite actuar de forma inmediata en cualquier punto del territorio.<\/p>\t\t\t\t\t\t\t\t<\/div>\n\t\t\t\t<\/div>\n\t\t<div class=\"elementor-element elementor-element-31a4b7bb e-con-full e-flex e-con e-parent\" data-id=\"31a4b7bb\" data-element_type=\"container\" data-e-type=\"container\">\n\t\t<div class=\"elementor-element elementor-element-3452eb6f e-con-full e-flex e-con e-child\" data-id=\"3452eb6f\" data-element_type=\"container\" data-e-type=\"container\">\n\t\t\t\t<div class=\"elementor-element elementor-element-63a57edd elementor-widget elementor-widget-image\" data-id=\"63a57edd\" data-element_type=\"widget\" data-e-type=\"widget\" data-widget_type=\"image.default\">\n\t\t\t\t\t\t\t\t\t\t\t\t\t\t\t<img decoding=\"async\" width=\"640\" height=\"763\" src=\"https:\/\/xmspenal.com\/wp-content\/uploads\/2026\/02\/Image-Container-1-1.png\" class=\"attachment-full size-full wp-image-388\" alt=\"\" srcset=\"https:\/\/xmspenal.com\/wp-content\/uploads\/2026\/02\/Image-Container-1-1.png 640w, https:\/\/xmspenal.com\/wp-content\/uploads\/2026\/02\/Image-Container-1-1-252x300.png 252w\" sizes=\"(max-width: 640px) 100vw, 640px\" \/>\t\t\t\t\t\t\t\t\t\t\t\t\t\t\t<\/div>\n\t\t\t\t<\/div>\n\t\t<div class=\"elementor-element elementor-element-122979e1 e-con-full e-flex e-con e-child\" data-id=\"122979e1\" data-element_type=\"container\" data-e-type=\"container\">\n\t\t\t\t<div class=\"elementor-element elementor-element-eb2d53a elementor-widget elementor-widget-heading\" data-id=\"eb2d53a\" data-element_type=\"widget\" data-e-type=\"widget\" data-widget_type=\"heading.default\">\n\t\t\t\t\t<h2 class=\"elementor-heading-title elementor-size-default\">Criminologia i drets humans<\/h2>\t\t\t\t<\/div>\n\t\t\t\t<div class=\"elementor-element elementor-element-7620ead2 elementor-widget elementor-widget-text-editor\" data-id=\"7620ead2\" data-element_type=\"widget\" data-e-type=\"widget\" data-widget_type=\"text-editor.default\">\n\t\t\t\t\t\t\t\t\t<p>Concebo l\u2019advocacia com una eina de transformaci\u00f3 social: defensant drets als tribunals i promovent una mirada cr\u00edtica sobre el sistema.<br \/><br \/>He estat assessor legislatiu al Congr\u00e9s i col\u00b7laboro en iniciatives nacionals i internacionals de defensa dels drets humans. Imparteixo confer\u00e8ncies, participo en mitjans de comunicaci\u00f3 i escric articles sobre just\u00edcia, pol\u00edtica i criminologia.<\/p>\t\t\t\t\t\t\t\t<\/div>\n\t\t\t\t<\/div>\n\t\t\t\t<\/div>\n\t\t<div class=\"elementor-element elementor-element-1acd6753 e-con-full e-flex e-con e-parent\" data-id=\"1acd6753\" data-element_type=\"container\" data-e-type=\"container\" data-settings=\"{&quot;background_background&quot;:&quot;classic&quot;}\">\n\t\t<div class=\"elementor-element elementor-element-45c2d927 e-con-full e-flex e-con e-child\" data-id=\"45c2d927\" data-element_type=\"container\" data-e-type=\"container\">\n\t\t\t\t<div class=\"elementor-element elementor-element-45ba2170 elementor-widget elementor-widget-image\" data-id=\"45ba2170\" data-element_type=\"widget\" data-e-type=\"widget\" data-widget_type=\"image.default\">\n\t\t\t\t\t\t\t\t\t\t\t\t\t\t\t<img decoding=\"async\" width=\"640\" height=\"521\" src=\"https:\/\/xmspenal.com\/wp-content\/uploads\/2026\/02\/111.png\" class=\"attachment-full size-full wp-image-389\" alt=\"\" srcset=\"https:\/\/xmspenal.com\/wp-content\/uploads\/2026\/02\/111.png 640w, https:\/\/xmspenal.com\/wp-content\/uploads\/2026\/02\/111-300x244.png 300w\" sizes=\"(max-width: 640px) 100vw, 640px\" \/>\t\t\t\t\t\t\t\t\t\t\t\t\t\t\t<\/div>\n\t\t\t\t<\/div>\n\t\t<div class=\"elementor-element elementor-element-1f3f7ce5 e-con-full e-flex e-con e-child\" data-id=\"1f3f7ce5\" data-element_type=\"container\" data-e-type=\"container\">\n\t\t\t\t<div class=\"elementor-element elementor-element-71a2bddd elementor-widget elementor-widget-heading\" data-id=\"71a2bddd\" data-element_type=\"widget\" data-e-type=\"widget\" data-widget_type=\"heading.default\">\n\t\t\t\t\t<h2 class=\"elementor-heading-title elementor-size-default\">Formaci\u00f3n y experiencia profesional<\/h2>\t\t\t\t<\/div>\n\t\t\t\t<div class=\"elementor-element elementor-element-58f328e1 elementor-widget elementor-widget-text-editor\" data-id=\"58f328e1\" data-element_type=\"widget\" data-e-type=\"widget\" data-widget_type=\"text-editor.default\">\n\t\t\t\t\t\t\t\t\t<p>Mi recorrido combina el estudio acad\u00e9mico con la pr\u00e1ctica legal en casos de alta complejidad. Trabajo con una perspectiva cr\u00edtica del sistema penal, basada en el respeto a los derechos fundamentales.<\/p><p>Mi formaci\u00f3n interdisciplinar me permite abordar los casos con profundidad jur\u00eddica y sensibilidad social. La experiencia profesional refuerza mi compromiso con una justicia efectiva, accesible y humana.<\/p>\t\t\t\t\t\t\t\t<\/div>\n\t\t\t\t<\/div>\n\t\t\t\t<\/div>\n\t\t\t\t<\/div>","protected":false},"excerpt":{"rendered":"<p>Una defensa comprometida con la justicia Mi formaci\u00f3n, trayectoria y visi\u00f3n profesional Qui\u00e9n soy Soy Javier Mu\u00f1oz Soriano, abogado penalista con vocaci\u00f3n por el derecho, la criminolog\u00eda y los derechos humanos. Me dedico a ofrecer defensa t\u00e9cnica, \u00e9tica y rigurosa en procesos complejos.\u2028 Concibo la abogac\u00eda como una herramienta de transformaci\u00f3n social. Abogac\u00eda La garant\u00eda [&hellip;]<\/p>\n","protected":false},"author":1,"featured_media":0,"parent":0,"menu_order":0,"comment_status":"closed","ping_status":"closed","template":"","meta":{"footnotes":""},"class_list":["post-205","page","type-page","status-publish","hentry"],"_links":{"self":[{"href":"https:\/\/xmspenal.com\/ca\/wp-json\/wp\/v2\/pages\/205","targetHints":{"allow":["GET"]}}],"collection":[{"href":"https:\/\/xmspenal.com\/ca\/wp-json\/wp\/v2\/pages"}],"about":[{"href":"https:\/\/xmspenal.com\/ca\/wp-json\/wp\/v2\/types\/page"}],"author":[{"embeddable":true,"href":"https:\/\/xmspenal.com\/ca\/wp-json\/wp\/v2\/users\/1"}],"replies":[{"embeddable":true,"href":"https:\/\/xmspenal.com\/ca\/wp-json\/wp\/v2\/comments?post=205"}],"version-history":[{"count":27,"href":"https:\/\/xmspenal.com\/ca\/wp-json\/wp\/v2\/pages\/205\/revisions"}],"predecessor-version":[{"id":570,"href":"https:\/\/xmspenal.com\/ca\/wp-json\/wp\/v2\/pages\/205\/revisions\/570"}],"wp:attachment":[{"href":"https:\/\/xmspenal.com\/ca\/wp-json\/wp\/v2\/media?parent=205"}],"curies":[{"name":"wp","href":"https:\/\/api.w.org\/{rel}","templated":true}]}}